{"id":10,"date":"2013-05-12T10:23:42","date_gmt":"2013-05-12T10:23:42","guid":{"rendered":"http:\/\/buch.mana-buch.de\/?page_id=10"},"modified":"2024-01-24T16:24:03","modified_gmt":"2024-01-24T16:24:03","slug":"klassiker-2","status":"publish","type":"page","link":"http:\/\/buch.mana-buch.de\/?page_id=10","title":{"rendered":"Klassiker"},"content":{"rendered":"<table>\n<tbody>\n<tr>\n<td style=\"width: 120px; height: 240px;\"><a href=\"https:\/\/www.amazon.de\/Amokl%C3%A4ufer-Stefan-Zweig-ebook\/dp\/B00BKBMNQ2?__mk_de_DE=%C3%85M%C3%85%C5%BD%C3%95%C3%91&#038;crid=22SY8DIRTHOQI&#038;keywords=Der+Amokl%C3%A4ufer+mana-Buch&#038;qid=1706112373&#038;s=digital-text&#038;sprefix=der+amokl%C3%A4ufer+mana-buch%2Cdigital-text%2C99&#038;sr=1-1&#038;linkCode=ll1&#038;tag=manabuchde-21&#038;linkId=2efd72341ba9a17ea745fef93a7a2fc3&#038;language=de_DE&#038;ref_=as_li_ss_tl\" target=\"_blank\" rel=\"noopener\"><img decoding=\"async\" class=\"alignnone size-full wp-image-615\" src=\"http:\/\/buch.mana-buch.de\/wp-content\/uploads\/2024\/01\/Der-Amoklaeufer-Cover_Amazon.jpg\" \/><img loading=\"lazy\" decoding=\"async\" width=\"200\" height=\"70\" class=\"alignnone size-full wp-image-621\" src=\"http:\/\/buch.mana-buch.de\/wp-content\/uploads\/2024\/01\/amazon.jpg\" \/><\/a><\/td>\n<td style=\"text-align: justify; vertical-align: top;\"><strong>Der Amokl\u00e4ufer von Stefan Zweig<\/strong><br \/>\nDie spannende Erz\u00e4hlung dreht sich um Macht, Liebe und Tod. Die ergreifende Novelle wurde von mana-Buch als E-Book neu aufgelegt und nach den neuesten Rechtschreibregeln \u00fcberarbeitet. Zum besseren Verst\u00e4ndnis werden viele Begriffe im E-Glossar erl\u00e4utert.<\/td>\n<\/tr>\n<tr>\n<td style=\"width: 120px; height: 240px;\"><a href=\"https:\/\/www.amazon.de\/Brief-einer-Unbekannten-Stefan-Zweig-ebook\/dp\/B00BJTRZCW?__mk_de_DE=%C3%85M%C3%85%C5%BD%C3%95%C3%91&#038;crid=1E7QPYURLYYO0&#038;keywords=Brief+einer+Unbekannten+mana-Buch&#038;qid=1706112627&#038;s=digital-text&#038;sprefix=brief+einer+unbekannten+mana-buch%2Cdigital-text%2C89&#038;sr=1-1&#038;linkCode=ll1&#038;tag=manabuchde-21&#038;linkId=2846ad93142d664a3f737c91a35b1d9d&#038;language=de_DE&#038;ref_=as_li_ss_tl\" target=\"_blank\" rel=\"noopener\"><img decoding=\"async\" class=\"alignnone size-full wp-image-615\" src=\"http:\/\/buch.mana-buch.de\/wp-content\/uploads\/2024\/01\/Cover_Brief_Unbekannten_Amazon.jpg\" \/><img loading=\"lazy\" decoding=\"async\" width=\"200\" height=\"70\" class=\"alignnone size-full wp-image-621\" src=\"http:\/\/buch.mana-buch.de\/wp-content\/uploads\/2024\/01\/amazon.jpg\" \/><\/a><\/td>\n<td style=\"text-align: justify; vertical-align: top;\"><strong>Brief einer Unbekannten von Stefan Zweig<\/strong><br \/>\nDer bekannte Romanschriftsteller R. erh\u00e4lt einen Brief, in dem ihm eine Frau ihre tiefe, \u00fcber Jahre andauernde Liebe gesteht. W\u00e4hrend er f\u00fcr sie den Lebensmittelpunkt darstellte, war sie f\u00fcr ihn &#8211; den Lebemann &#8211; nur eine fl\u00fcchtige Geliebte, eine Unbekannte. Die einf\u00fchlsame Novelle wurde von mana-Buch als E-Book neu aufgelegt und nach den neuesten Rechtschreibregeln \u00fcberarbeitet. Zum besseren Verst\u00e4ndnis werden Begriffe im E-Glossar erl\u00e4utert.<\/td>\n<\/tr>\n<tr>\n<td style=\"width: 120px; height: 240px;\"><a href=\"https:\/\/www.amazon.de\/Drei-Liebesnovellen-Stefan-Zweig-ebook\/dp\/B00BX5EEBC?__mk_de_DE=%C3%85M%C3%85%C5%BD%C3%95%C3%91&#038;crid=3PNZL0RUIC0BJ&#038;keywords=Drei+Liebesnovellen+mana-Buch&#038;qid=1706112885&#038;s=digital-text&#038;sprefix=drei+liebesnovellen+mana-buch%2Cdigital-text%2C95&#038;sr=1-1&#038;linkCode=ll1&#038;tag=manabuchde-21&#038;linkId=f1ba129fb4c44e072e64c78125923588&#038;language=de_DE&#038;ref_=as_li_ss_tl\" target=\"_blank\" rel=\"noopener\"><img decoding=\"async\" class=\"alignnone size-full wp-image-615\" src=\"http:\/\/buch.mana-buch.de\/wp-content\/uploads\/2024\/01\/Cover_Drei-Liebesnovellen_Amazon.jpg\" \/><img loading=\"lazy\" decoding=\"async\" width=\"200\" height=\"70\" class=\"alignnone size-full wp-image-621\" src=\"http:\/\/buch.mana-buch.de\/wp-content\/uploads\/2024\/01\/amazon.jpg\" \/><\/a><\/td>\n<td style=\"text-align: justify; vertical-align: top;\"><strong>Drei Liebesnovellen von Stefan Zweig<\/strong><br \/>\nDrei Novellen, in denen Stefan Zweig mit psychologischem Feinsinn beschreibt, wie die Liebe zur Ehefrau, zur Gouvernante oder zur Tochter durch misslungende Kommunikation, innere Zw\u00e4nge und eine restriktive Gesellschaft verloren geht. Die einf\u00fchlsamen Novellen &#8222;Die Mondscheingasse&#8220;, &#8222;Die Gouvernante&#8220; und &#8222;Untergang des Herzens&#8220; wurden von mana-Buch als E-Book neu aufgelegt und nach den neuesten Rechtschreibregeln \u00fcberarbeitet. Zum besseren Verst\u00e4ndnis werden Begriffe im E-Glossar erl\u00e4utert.<\/td>\n<\/tr>\n<tr>\n<td style=\"width: 120px; height: 240px;\"><a href=\"https:\/\/www.amazon.de\/Angst-Stefan-Zweig-ebook\/dp\/B00BXP5PQ0?__mk_de_DE=%C3%85M%C3%85%C5%BD%C3%95%C3%91&#038;crid=2LSI59FUUBQXV&#038;keywords=Angst+mana-Buch&#038;qid=1706113117&#038;s=digital-text&#038;sprefix=angst+mana-buch%2Cdigital-text%2C87&#038;sr=1-1&#038;linkCode=ll1&#038;tag=manabuchde-21&#038;linkId=c4657598834f956725afabce4cc9ef12&#038;language=de_DE&#038;ref_=as_li_ss_tl\" target=\"_blank\" rel=\"noopener\"><img decoding=\"async\" class=\"alignnone size-full wp-image-615\" src=\"http:\/\/buch.mana-buch.de\/wp-content\/uploads\/2024\/01\/Cover_Angst_Amazon.jpg\" \/><img loading=\"lazy\" decoding=\"async\" width=\"200\" height=\"70\" class=\"alignnone size-full wp-image-621\" src=\"http:\/\/buch.mana-buch.de\/wp-content\/uploads\/2024\/01\/amazon.jpg\" \/><\/a><\/td>\n<td style=\"text-align: justify; vertical-align: top;\"><strong>Angst von Stefan Zweig<\/strong><br \/>\nErm\u00fcdet durch die t\u00e4gliche Gleichheit ihrer Ehe beginnt Irene Wagner ein Verh\u00e4ltnis mit einem jungen Musiker. Nach jedem Rendezvous bef\u00e4llt sie eine unbestimmte Angst, die &#8211; als eine Frau sie wegen der Aff\u00e4re zu erpressen beginnt &#8211; pl\u00f6tzlich ihr ganzes Sein beherrscht. Stefan Zweig beschreibt mit psychologischem Feinsinn die Qualen der Frau und die Reaktionen ihrer Umwelt. Die mitrei\u00dfende Novelle wurde von mana-Buch als E-Book neu aufgelegt und nach den neuesten Rechtschreibregeln \u00fcberarbeitet. Zum besseren Verst\u00e4ndnis werden Begriffe im E-Glossar erl\u00e4utert.<\/td>\n<\/tr>\n<tr>\n<td style=\"width: 120px; height: 240px;\"><a href=\"https:\/\/www.amazon.de\/Unvermutete-Bekanntschaft-mit-einem-Handwerk-ebook\/dp\/B00C81QAQW?__mk_de_DE=%C3%85M%C3%85%C5%BD%C3%95%C3%91&#038;crid=3T93P2EU14G1T&#038;keywords=Unvermutete+Bekanntschaft+mit+einem+Handwerk+mana-Buch&#038;qid=1706113295&#038;s=digital-text&#038;sprefix=unvermutete+bekanntschaft+mit+einem+handwerk+mana-buch%2Cdigital-text%2C93&#038;sr=1-1&#038;linkCode=ll1&#038;tag=manabuchde-21&#038;linkId=c50f67d58ea246a7a31b36ba74a19a93&#038;language=de_DE&#038;ref_=as_li_ss_tl\" target=\"_blank\" rel=\"noopener\"><img decoding=\"async\" class=\"alignnone size-full wp-image-615\" src=\"http:\/\/buch.mana-buch.de\/wp-content\/uploads\/2024\/01\/Cover_Unvermutete-Bekanntschaft-mit-einem-Handwerk_Amazon.jpg\" \/><img loading=\"lazy\" decoding=\"async\" width=\"200\" height=\"70\" class=\"alignnone size-full wp-image-621\" src=\"http:\/\/buch.mana-buch.de\/wp-content\/uploads\/2024\/01\/amazon.jpg\" \/><\/a><\/td>\n<td style=\"text-align: justify; vertical-align: top;\"><strong>Unvermutete Bekanntschaft mit einem Handwerk von Stefan Zweig<\/strong><br \/>\nLustvoll beobachtet ein Kaffetrinker das Treiben auf den Pariser Stra\u00dfen. Ein in einen kanariengelben Mantel gewickeltes M\u00e4nnlein fesselt pl\u00f6tzlich seine Aufmerksamkeit. Alle anderen Menschen treiben kurz an ihm vor\u00fcber und verschwinden schlie\u00dflich f\u00fcr immer in den Massen. Warum taucht ausgerechnet dieser Mann immer wieder in seinem Blickfeld auf? Was will dieser Mensch hier? Welcher Besch\u00e4ftigung geht er nach? Neugierig heftet sich der Beobachter an seine Fersen und studiert so eingehend das \u201eHandwerk\u201c dieses Mannes. Aus dem Blickwinkel eines neugierigen Beobachters und ohne den sonst \u00fcblichen psychologischen Blick in die menschliche Gef\u00fchlswelt beschreibt Stefan Zweig ein paar Stunden aus dem Leben eines Filous. Die unterhaltsame Novelle &#8222;Unvermutete Bekanntschaft mit einem Handwerk&#8220; wurde von mana-Buch als E-Book neu aufgelegt und nach den neuesten Rechtschreibregeln \u00fcberarbeitet. Zum besseren Verst\u00e4ndnis werden Begriffe im E-Glossar erl\u00e4utert.<\/td>\n<\/tr>\n<\/tbody>\n<\/table>\n<div style=\"padding-bottom:20px; padding-top:10px;\" class=\"hupso-share-buttons\"><!-- Hupso Share Buttons - http:\/\/www.hupso.com\/share\/ --><a class=\"hupso_toolbar\" href=\"http:\/\/www.hupso.com\/share\/\"><img decoding=\"async\" src=\"http:\/\/static.hupso.com\/share\/buttons\/lang\/de\/share-medium.png\" style=\"border:0px; padding-top:5px; float:left;\" alt=\"Share Button\"\/><\/a><script type=\"text\/javascript\">var hupso_services_t=new Array(\"Twitter\",\"Facebook\");var hupso_background_t=\"#EAF4FF\";var hupso_border_t=\"#66CCFF\";var hupso_toolbar_size_t=\"medium\";var hupso_image_folder_url = \"\";var hupso_url_t=\"\";var hupso_title_t=\"Klassiker\";<\/script><script type=\"text\/javascript\" src=\"http:\/\/static.hupso.com\/share\/js\/share_toolbar.js\"><\/script><!-- Hupso Share Buttons --><\/div>","protected":false},"excerpt":{"rendered":"<p>Der Amokl\u00e4ufer von Stefan Zweig Die spannende Erz\u00e4hlung dreht sich um Macht, Liebe und Tod. Die ergreifende Novelle wurde von mana-Buch als E-Book neu aufgelegt und nach den neuesten Rechtschreibregeln \u00fcberarbeitet. Zum besseren Verst\u00e4ndnis werden viele Begriffe im E-Glossar erl\u00e4utert.<span class=\"ellipsis\">&hellip;<\/span><\/p>\n<div class=\"read-more\"><a href=\"http:\/\/buch.mana-buch.de\/?page_id=10\">Weiterlesen \u203a<\/a><\/div>\n<p><!-- end of .read-more --><\/p>\n<div style=\"padding-bottom:20px; padding-top:10px;\" class=\"hupso-share-buttons\"><!-- Hupso Share Buttons - http:\/\/www.hupso.com\/share\/ --><a class=\"hupso_toolbar\" href=\"http:\/\/www.hupso.com\/share\/\"><img src=\"http:\/\/static.hupso.com\/share\/buttons\/lang\/de\/share-medium.png\" style=\"border:0px; padding-top:5px; float:left;\" alt=\"Share Button\"\/><\/a><script type=\"text\/javascript\">var hupso_services_t=new Array(\"Twitter\",\"Facebook\");var hupso_background_t=\"#EAF4FF\";var hupso_border_t=\"#66CCFF\";var hupso_toolbar_size_t=\"medium\";var hupso_image_folder_url = \"\";var hupso_url_t=\"\";var hupso_title_t=\"Klassiker\";<\/script><script type=\"text\/javascript\" src=\"http:\/\/static.hupso.com\/share\/js\/share_toolbar.js\"><\/script><!-- Hupso Share Buttons --><\/div>","protected":false},"author":1,"featured_media":0,"parent":0,"menu_order":0,"comment_status":"closed","ping_status":"closed","template":"full-width-page.php","meta":{"footnotes":""},"_links":{"self":[{"href":"http:\/\/buch.mana-buch.de\/index.php?rest_route=\/wp\/v2\/pages\/10"}],"collection":[{"href":"http:\/\/buch.mana-buch.de\/index.php?rest_route=\/wp\/v2\/pages"}],"about":[{"href":"http:\/\/buch.mana-buch.de\/index.php?rest_route=\/wp\/v2\/types\/page"}],"author":[{"embeddable":true,"href":"http:\/\/buch.mana-buch.de\/index.php?rest_route=\/wp\/v2\/users\/1"}],"replies":[{"embeddable":true,"href":"http:\/\/buch.mana-buch.de\/index.php?rest_route=%2Fwp%2Fv2%2Fcomments&post=10"}],"version-history":[{"count":42,"href":"http:\/\/buch.mana-buch.de\/index.php?rest_route=\/wp\/v2\/pages\/10\/revisions"}],"predecessor-version":[{"id":720,"href":"http:\/\/buch.mana-buch.de\/index.php?rest_route=\/wp\/v2\/pages\/10\/revisions\/720"}],"wp:attachment":[{"href":"http:\/\/buch.mana-buch.de\/index.php?rest_route=%2Fwp%2Fv2%2Fmedia&parent=10"}],"curies":[{"name":"wp","href":"https:\/\/api.w.org\/{rel}","templated":true}]}}